{"id":1703,"date":"2024-06-24T12:35:47","date_gmt":"2024-06-24T10:35:47","guid":{"rendered":"https:\/\/www.purecosmeticsthun.ch\/offerta\/maschera-rassodante-eptidica-di-circadia-anti-aging\/"},"modified":"2024-06-24T17:07:34","modified_gmt":"2024-06-24T15:07:34","slug":"maschera-rassodante-eptidica-di-circadia-anti-aging","status":"publish","type":"page","link":"https:\/\/www.purecosmeticsthun.ch\/it\/offerta\/maschera-rassodante-eptidica-di-circadia-anti-aging\/","title":{"rendered":"Maschera rassodante ai peptidi"},"content":{"rendered":"\t\t<div data-elementor-type=\"wp-page\" data-elementor-id=\"1703\" class=\"elementor elementor-1703 elementor-1699\" data-elementor-post-type=\"page\">\n\t\t\t\t\t\t<section class=\"elementor-section elementor-top-section elementor-element elementor-element-9942cfa elementor-section-boxed elementor-section-height-default elementor-section-height-default\" data-id=\"9942cfa\" data-element_type=\"section\" data-e-type=\"section\" data-settings=\"{&quot;background_background&quot;:&quot;classic&quot;}\">\n\t\t\t\t\t\t\t<div class=\"elementor-background-overlay\"><\/div>\n\t\t\t\t\t\t\t<div class=\"elementor-container elementor-column-gap-default\">\n\t\t\t\t\t<div class=\"elementor-column elementor-col-100 elementor-top-column elementor-element elementor-element-f37c0e4\" data-id=\"f37c0e4\" data-element_type=\"column\" data-e-type=\"column\">\n\t\t\t<div class=\"elementor-widget-wrap elementor-element-populated\">\n\t\t\t\t\t\t<div class=\"elementor-element elementor-element-f5e5cb3 elementor-widget elementor-widget-heading\" data-id=\"f5e5cb3\" data-element_type=\"widget\" data-e-type=\"widget\" data-widget_type=\"heading.default\">\n\t\t\t\t<div class=\"elementor-widget-container\">\n\t\t\t\t\t<h1 class=\"elementor-heading-title elementor-size-default\">Maschera rassodante ai peptidi<\/h1>\t\t\t\t<\/div>\n\t\t\t\t<\/div>\n\t\t\t\t\t<\/div>\n\t\t<\/div>\n\t\t\t\t\t<\/div>\n\t\t<\/section>\n\t\t<div class=\"elementor-element elementor-element-ecf3619 e-flex e-con-boxed e-con e-parent\" data-id=\"ecf3619\" data-element_type=\"container\" data-e-type=\"container\">\n\t\t\t\t\t<div class=\"e-con-inner\">\n\t\t<div class=\"elementor-element elementor-element-b1fbf91 e-con-full e-flex e-con e-child\" data-id=\"b1fbf91\" data-element_type=\"container\" data-e-type=\"container\">\n\t\t\t\t<div class=\"elementor-element elementor-element-8d11bfa elementor-widget elementor-widget-heading\" data-id=\"8d11bfa\" data-element_type=\"widget\" data-e-type=\"widget\" data-widget_type=\"heading.default\">\n\t\t\t\t<div class=\"elementor-widget-container\">\n\t\t\t\t\t<h5 class=\"elementor-heading-title elementor-size-default\">Cos'\u00e8 un peptide rassodante<\/h5>\t\t\t\t<\/div>\n\t\t\t\t<\/div>\n\t\t\t\t<div class=\"elementor-element elementor-element-4a7fdce elementor-widget elementor-widget-text-editor\" data-id=\"4a7fdce\" data-element_type=\"widget\" data-e-type=\"widget\" data-widget_type=\"text-editor.default\">\n\t\t\t\t<div class=\"elementor-widget-container\">\n\t\t\t\t\t\t\t\t\t<p>La Firming Peptide Mask di Circadia \u00e8 una maschera anti-et\u00e0 che stimola la crescita cellulare e rassoda la pelle subito dopo il trattamento. Rinnova e rivitalizza la pelle grazie a efficaci peptidi anti-et\u00e0, potenti antiossidanti, cellule staminali e principi attivi di origine vegetale. Per una circolazione sanguigna ancora migliore, la confezione pi\u00f9 grande include un drenaggio in lime per il viso.<\/p>\n<p>Vantaggi:  <br \/>-Produzione di elastina e collagene<br \/>-Rassodamento immediato, rafforzamento ed elasticit\u00e0<br \/>-Protegge dalla disidratazione<br \/>-Effetto antiossidante<br \/>-Contrasta la glicazione (saccarificazione)<\/p>\n\t\t\t\t\t\t\t\t<\/div>\n\t\t\t\t<\/div>\n\t\t\t\t<div class=\"elementor-element elementor-element-afebccd elementor-hidden-desktop elementor-hidden-tablet_extra elementor-hidden-tablet elementor-hidden-mobile_extra elementor-hidden-mobile elementor-widget elementor-widget-heading\" data-id=\"afebccd\" data-element_type=\"widget\" data-e-type=\"widget\" data-widget_type=\"heading.default\">\n\t\t\t\t<div class=\"elementor-widget-container\">\n\t\t\t\t\t<h5 class=\"elementor-heading-title elementor-size-default\">Prezzi<\/h5>\t\t\t\t<\/div>\n\t\t\t\t<\/div>\n\t\t<div class=\"elementor-element elementor-element-e504a40 e-con-full elementor-hidden-desktop elementor-hidden-tablet_extra elementor-hidden-tablet elementor-hidden-mobile_extra elementor-hidden-mobile e-flex e-con e-child\" data-id=\"e504a40\" data-element_type=\"container\" data-e-type=\"container\">\n\t\t\t\t<div class=\"elementor-element elementor-element-6e86344 elementor-widget__width-inherit elementor-widget elementor-widget-text-editor\" data-id=\"6e86344\" data-element_type=\"widget\" data-e-type=\"widget\" data-widget_type=\"text-editor.default\">\n\t\t\t\t<div class=\"elementor-widget-container\">\n\t\t\t\t\t\t\t\t\t<p>Durata del trattamento: 30 minuti<\/p>\n\t\t\t\t\t\t\t\t<\/div>\n\t\t\t\t<\/div>\n\t\t\t\t<div class=\"elementor-element elementor-element-e4fe48d elementor-widget__width-inherit elementor-widget elementor-widget-heading\" data-id=\"e4fe48d\" data-element_type=\"widget\" data-e-type=\"widget\" data-widget_type=\"heading.default\">\n\t\t\t\t<div class=\"elementor-widget-container\">\n\t\t\t\t\t<h4 class=\"elementor-heading-title elementor-size-default\">Ven. 70.--<\/h4>\t\t\t\t<\/div>\n\t\t\t\t<\/div>\n\t\t\t\t<\/div>\n\t\t<div class=\"elementor-element elementor-element-e2eeb0d e-con-full elementor-hidden-desktop elementor-hidden-tablet_extra elementor-hidden-tablet elementor-hidden-mobile_extra elementor-hidden-mobile e-flex e-con e-child\" data-id=\"e2eeb0d\" data-element_type=\"container\" data-e-type=\"container\">\n\t\t\t\t<div class=\"elementor-element elementor-element-713a36e elementor-widget__width-inherit elementor-widget elementor-widget-text-editor\" data-id=\"713a36e\" data-element_type=\"widget\" data-e-type=\"widget\" data-widget_type=\"text-editor.default\">\n\t\t\t\t<div class=\"elementor-widget-container\">\n\t\t\t\t\t\t\t\t\t<p>Durata del trattamento: 60 minuti<\/p>\n\t\t\t\t\t\t\t\t<\/div>\n\t\t\t\t<\/div>\n\t\t\t\t<div class=\"elementor-element elementor-element-7a147fd elementor-widget__width-inherit elementor-widget elementor-widget-heading\" data-id=\"7a147fd\" data-element_type=\"widget\" data-e-type=\"widget\" data-widget_type=\"heading.default\">\n\t\t\t\t<div class=\"elementor-widget-container\">\n\t\t\t\t\t<h4 class=\"elementor-heading-title elementor-size-default\">Ven. 100.--<\/h4>\t\t\t\t<\/div>\n\t\t\t\t<\/div>\n\t\t\t\t<\/div>\n\t\t<div class=\"elementor-element elementor-element-c711d39 e-con-full e-flex e-con e-child\" data-id=\"c711d39\" data-element_type=\"container\" data-e-type=\"container\">\n\t\t\t\t<div class=\"elementor-element elementor-element-7be5598 elementor-align-center elementor-widget elementor-widget-button\" data-id=\"7be5598\" data-element_type=\"widget\" data-e-type=\"widget\" data-widget_type=\"button.default\">\n\t\t\t\t<div class=\"elementor-widget-container\">\n\t\t\t\t\t\t\t\t\t<div class=\"elementor-button-wrapper\">\n\t\t\t\t\t<a class=\"elementor-button elementor-button-link elementor-size-sm\" href=\"https:\/\/salonkee.ch\/salon\/pure-cosmetics\" target=\"_blank\">\n\t\t\t\t\t\t<span class=\"elementor-button-content-wrapper\">\n\t\t\t\t\t\t\t\t\t<span class=\"elementor-button-text\">Prenota ora<\/span>\n\t\t\t\t\t<\/span>\n\t\t\t\t\t<\/a>\n\t\t\t\t<\/div>\n\t\t\t\t\t\t\t\t<\/div>\n\t\t\t\t<\/div>\n\t\t\t\t<div class=\"elementor-element elementor-element-159bd75 elementor-align-center elementor-widget elementor-widget-button\" data-id=\"159bd75\" data-element_type=\"widget\" data-e-type=\"widget\" data-widget_type=\"button.default\">\n\t\t\t\t<div class=\"elementor-widget-container\">\n\t\t\t\t\t\t\t\t\t<div class=\"elementor-button-wrapper\">\n\t\t\t\t\t<a class=\"elementor-button elementor-button-link elementor-size-sm\" href=\"https:\/\/www.purecosmeticsthun.ch\/it\/offerta\/\" target=\"_blank\">\n\t\t\t\t\t\t<span class=\"elementor-button-content-wrapper\">\n\t\t\t\t\t\t\t\t\t<span class=\"elementor-button-text\">Panoramica dell'offerta<\/span>\n\t\t\t\t\t<\/span>\n\t\t\t\t\t<\/a>\n\t\t\t\t<\/div>\n\t\t\t\t\t\t\t\t<\/div>\n\t\t\t\t<\/div>\n\t\t\t\t<\/div>\n\t\t\t\t<\/div>\n\t\t<div class=\"elementor-element elementor-element-6613921 e-con-full e-flex e-con e-child\" data-id=\"6613921\" data-element_type=\"container\" data-e-type=\"container\">\n\t\t\t\t<div class=\"elementor-element elementor-element-8183c1e elementor-widget elementor-widget-image\" data-id=\"8183c1e\" data-element_type=\"widget\" data-e-type=\"widget\" data-widget_type=\"image.default\">\n\t\t\t\t<div class=\"elementor-widget-container\">\n\t\t\t\t\t\t\t\t\t\t\t\t\t\t\t<img fetchpriority=\"high\" decoding=\"async\" width=\"800\" height=\"800\" src=\"https:\/\/www.purecosmeticsthun.ch\/wp-content\/uploads\/sites\/7\/2024\/06\/klassische-gesichtsbehandlungen-square.jpg\" class=\"attachment-large size-large wp-image-1788\" alt=\"\" srcset=\"https:\/\/www.purecosmeticsthun.ch\/wp-content\/uploads\/sites\/7\/2024\/06\/klassische-gesichtsbehandlungen-square.jpg 800w, https:\/\/www.purecosmeticsthun.ch\/wp-content\/uploads\/sites\/7\/2024\/06\/klassische-gesichtsbehandlungen-square-300x300.jpg 300w, https:\/\/www.purecosmeticsthun.ch\/wp-content\/uploads\/sites\/7\/2024\/06\/klassische-gesichtsbehandlungen-square-150x150.jpg 150w, https:\/\/www.purecosmeticsthun.ch\/wp-content\/uploads\/sites\/7\/2024\/06\/klassische-gesichtsbehandlungen-square-768x768.jpg 768w\" sizes=\"(max-width: 800px) 100vw, 800px\" \/>\t\t\t\t\t\t\t\t\t\t\t\t\t\t\t<\/div>\n\t\t\t\t<\/div>\n\t\t\t\t<\/div>\n\t\t\t\t\t<\/div>\n\t\t\t\t<\/div>\n\t\t\t\t<section class=\"elementor-section elementor-top-section elementor-element elementor-element-94ab166 elementor-section-boxed elementor-section-height-default elementor-section-height-default\" data-id=\"94ab166\" data-element_type=\"section\" data-e-type=\"section\" data-settings=\"{&quot;background_background&quot;:&quot;classic&quot;}\">\n\t\t\t\t\t\t\t<div class=\"elementor-background-overlay\"><\/div>\n\t\t\t\t\t\t\t<div class=\"elementor-container elementor-column-gap-default\">\n\t\t\t\t\t<div class=\"elementor-column elementor-col-100 elementor-top-column elementor-element elementor-element-e27906a\" data-id=\"e27906a\" data-element_type=\"column\" data-e-type=\"column\" data-settings=\"{&quot;background_background&quot;:&quot;classic&quot;}\">\n\t\t\t<div class=\"elementor-widget-wrap elementor-element-populated\">\n\t\t\t\t\t\t<div class=\"elementor-element elementor-element-e790232 elementor-widget elementor-widget-heading\" data-id=\"e790232\" data-element_type=\"widget\" data-e-type=\"widget\" data-widget_type=\"heading.default\">\n\t\t\t\t<div class=\"elementor-widget-container\">\n\t\t\t\t\t<h2 class=\"elementor-heading-title elementor-size-default\">Cosa dicono i nostri clienti<\/h2>\t\t\t\t<\/div>\n\t\t\t\t<\/div>\n\t\t\t\t<section class=\"elementor-section elementor-inner-section elementor-element elementor-element-1a5e383 elementor-section-boxed elementor-section-height-default elementor-section-height-default\" data-id=\"1a5e383\" data-element_type=\"section\" data-e-type=\"section\">\n\t\t\t\t\t\t<div class=\"elementor-container elementor-column-gap-default\">\n\t\t\t\t\t<div class=\"elementor-column elementor-col-50 elementor-inner-column elementor-element elementor-element-ea0bca2\" data-id=\"ea0bca2\" data-element_type=\"column\" data-e-type=\"column\">\n\t\t\t<div class=\"elementor-widget-wrap elementor-element-populated\">\n\t\t\t\t\t\t<div class=\"elementor-element elementor-element-16ce03c elementor-widget__width-initial elementor-absolute elementor-widget-tablet__width-initial elementor-widget-mobile__width-initial elementor-widget elementor-widget-image\" data-id=\"16ce03c\" data-element_type=\"widget\" data-e-type=\"widget\" data-settings=\"{&quot;_position&quot;:&quot;absolute&quot;}\" data-widget_type=\"image.default\">\n\t\t\t\t<div class=\"elementor-widget-container\">\n\t\t\t\t\t\t\t\t\t\t\t\t\t\t\t<img decoding=\"async\" width=\"700\" height=\"568\" src=\"https:\/\/www.purecosmeticsthun.ch\/wp-content\/uploads\/sites\/7\/2023\/11\/petik.png\" class=\"attachment-large size-large wp-image-46\" alt=\"\" srcset=\"https:\/\/www.purecosmeticsthun.ch\/wp-content\/uploads\/sites\/7\/2023\/11\/petik.png 700w, https:\/\/www.purecosmeticsthun.ch\/wp-content\/uploads\/sites\/7\/2023\/11\/petik-300x243.png 300w\" sizes=\"(max-width: 700px) 100vw, 700px\" \/>\t\t\t\t\t\t\t\t\t\t\t\t\t\t\t<\/div>\n\t\t\t\t<\/div>\n\t\t\t\t<div class=\"elementor-element elementor-element-b755f09 elementor-widget__width-initial elementor-absolute elementor-widget-tablet__width-initial elementor-widget-mobile__width-initial elementor-widget elementor-widget-image\" data-id=\"b755f09\" data-element_type=\"widget\" data-e-type=\"widget\" data-settings=\"{&quot;_position&quot;:&quot;absolute&quot;}\" data-widget_type=\"image.default\">\n\t\t\t\t<div class=\"elementor-widget-container\">\n\t\t\t\t\t\t\t\t\t\t\t\t\t\t\t<img decoding=\"async\" width=\"700\" height=\"568\" src=\"https:\/\/www.purecosmeticsthun.ch\/wp-content\/uploads\/sites\/7\/2023\/11\/petik.png\" class=\"attachment-large size-large wp-image-46\" alt=\"\" srcset=\"https:\/\/www.purecosmeticsthun.ch\/wp-content\/uploads\/sites\/7\/2023\/11\/petik.png 700w, https:\/\/www.purecosmeticsthun.ch\/wp-content\/uploads\/sites\/7\/2023\/11\/petik-300x243.png 300w\" sizes=\"(max-width: 700px) 100vw, 700px\" \/>\t\t\t\t\t\t\t\t\t\t\t\t\t\t\t<\/div>\n\t\t\t\t<\/div>\n\t\t\t\t<div class=\"elementor-element elementor-element-58373df elementor-widget elementor-widget-testimonial\" data-id=\"58373df\" data-element_type=\"widget\" data-e-type=\"widget\" data-widget_type=\"testimonial.default\">\n\t\t\t\t<div class=\"elementor-widget-container\">\n\t\t\t\t\t\t\t<div class=\"elementor-testimonial-wrapper\">\n\t\t\t\t\t\t\t<div class=\"elementor-testimonial-content\"><p>Ho optato per un lifting alle sopracciglia presso Pure. Cosmetics e sono assolutamente soddisfatta del risultato. Le mie sopracciglia appaiono ora molto pi\u00f9 piene e definite, donando immediatamente al mio viso un aspetto fresco e giovanile. Il team \u00e8 stato incredibilmente professionale e mi ha dato consigli dettagliati in modo da farmi sentire in buone mani fin dall'inizio. Il trattamento \u00e8 stato rilassante e piacevole e i risultati hanno superato le mie aspettative. Io posso Pure. Cosmetics a tutti coloro che cercano un trattamento per sopracciglia di alta qualit\u00e0.<\/p>\n<\/div>\n\t\t\t\n\t\t\t\t\t\t<div class=\"elementor-testimonial-meta\">\n\t\t\t\t<div class=\"elementor-testimonial-meta-inner\">\n\t\t\t\t\t\n\t\t\t\t\t\t\t\t\t\t<div class=\"elementor-testimonial-details\">\n\t\t\t\t\t\t\t\t\t\t\t\t\t\t<div class=\"elementor-testimonial-name\">Eva<\/div>\n\t\t\t\t\t\t\t\t\t\t\t\t\t\t\t\t\t\t\t<\/div>\n\t\t\t\t\t\t\t\t\t<\/div>\n\t\t\t<\/div>\n\t\t\t\t\t<\/div>\n\t\t\t\t\t\t<\/div>\n\t\t\t\t<\/div>\n\t\t\t\t\t<\/div>\n\t\t<\/div>\n\t\t\t\t<div class=\"elementor-column elementor-col-50 elementor-inner-column elementor-element elementor-element-993f74e\" data-id=\"993f74e\" data-element_type=\"column\" data-e-type=\"column\">\n\t\t\t<div class=\"elementor-widget-wrap elementor-element-populated\">\n\t\t\t\t\t\t<div class=\"elementor-element elementor-element-d547782 elementor-widget elementor-widget-testimonial\" data-id=\"d547782\" data-element_type=\"widget\" data-e-type=\"widget\" data-widget_type=\"testimonial.default\">\n\t\t\t\t<div class=\"elementor-widget-container\">\n\t\t\t\t\t\t\t<div class=\"elementor-testimonial-wrapper\">\n\t\t\t\t\t\t\t<div class=\"elementor-testimonial-content\"><p>Il browlift di Pure. La cosmesi \u00e8 stata una delle migliori decisioni che ho preso per il mio aspetto. Le mie sopracciglia ora non solo hanno un aspetto pi\u00f9 naturale, ma anche molto pi\u00f9 curato e ben modellato. Il team ha davvero un occhio di riguardo per i dettagli e ha creato esattamente la forma e la curva che ho sempre desiderato. Inoltre, l'atmosfera nello studio era molto piacevole e rilassante, il che ha reso l'intera esperienza ancora migliore. Sono pi\u00f9 che soddisfatto del risultato e torner\u00f2 sicuramente.<\/p>\n<\/div>\n\t\t\t\n\t\t\t\t\t\t<div class=\"elementor-testimonial-meta\">\n\t\t\t\t<div class=\"elementor-testimonial-meta-inner\">\n\t\t\t\t\t\n\t\t\t\t\t\t\t\t\t\t<div class=\"elementor-testimonial-details\">\n\t\t\t\t\t\t\t\t\t\t\t\t\t\t<div class=\"elementor-testimonial-name\">Martina<\/div>\n\t\t\t\t\t\t\t\t\t\t\t\t\t\t\t\t\t\t\t<\/div>\n\t\t\t\t\t\t\t\t\t<\/div>\n\t\t\t<\/div>\n\t\t\t\t\t<\/div>\n\t\t\t\t\t\t<\/div>\n\t\t\t\t<\/div>\n\t\t\t\t\t<\/div>\n\t\t<\/div>\n\t\t\t\t\t<\/div>\n\t\t<\/section>\n\t\t\t\t\t<\/div>\n\t\t<\/div>\n\t\t\t\t\t<\/div>\n\t\t<\/section>\n\t\t\t\t<section class=\"elementor-section elementor-top-section elementor-element elementor-element-6da760c elementor-section-boxed elementor-section-height-default elementor-section-height-default\" data-id=\"6da760c\" data-element_type=\"section\" data-e-type=\"section\">\n\t\t\t\t\t\t<div class=\"elementor-container elementor-column-gap-default\">\n\t\t\t\t\t<div class=\"elementor-column elementor-col-100 elementor-top-column elementor-element elementor-element-fb94269\" data-id=\"fb94269\" data-element_type=\"column\" data-e-type=\"column\">\n\t\t\t<div class=\"elementor-widget-wrap elementor-element-populated\">\n\t\t\t\t\t\t<div class=\"elementor-element elementor-element-6fd315f elementor-widget elementor-widget-eael-image-accordion\" data-id=\"6fd315f\" data-element_type=\"widget\" data-e-type=\"widget\" data-widget_type=\"eael-image-accordion.default\">\n\t\t\t\t<div class=\"elementor-widget-container\">\n\t\t\t\t\t    <div class=\"eael-img-accordion accordion-direction-horizontal eael-img-accordion-horizontal-align-center eael-img-accordion-vertical-align-center\" id=\"eael-img-accordion-6fd315f\" data-img-accordion-id=\"6fd315f\" data-img-accordion-type=\"on-hover\">\n                    \n            <div class=\"eael-image-accordion-hover eael-image-accordion-item\" style=\"background-image: url(https:\/\/www.purecosmeticsthun.ch\/wp-content\/uploads\/sites\/7\/2024\/06\/slider-purecosmetics-3.jpg);\"  tabindex=\"0\">\n                <div class=\"overlay\">\n                                        <div class=\"overlay-inner \">\n                                            <\/div>\n                <\/div>\n            <\/div>\n                    \n            <div class=\"eael-image-accordion-hover eael-image-accordion-item\" style=\"background-image: url(https:\/\/www.purecosmeticsthun.ch\/wp-content\/uploads\/sites\/7\/2024\/06\/slider-purecosmetics-1.jpg);\"  tabindex=\"0\">\n                <div class=\"overlay\">\n                                        <div class=\"overlay-inner \">\n                                            <\/div>\n                <\/div>\n            <\/div>\n                    \n            <div class=\"eael-image-accordion-hover eael-image-accordion-item\" style=\"background-image: url(https:\/\/www.purecosmeticsthun.ch\/wp-content\/uploads\/sites\/7\/2024\/06\/slider-purecosmetics-4.jpg);\"  tabindex=\"0\">\n                <div class=\"overlay\">\n                                        <div class=\"overlay-inner \">\n                                            <\/div>\n                <\/div>\n            <\/div>\n                    \n            <div class=\"eael-image-accordion-hover eael-image-accordion-item\" style=\"background-image: url(https:\/\/www.purecosmeticsthun.ch\/wp-content\/uploads\/sites\/7\/2024\/06\/slider-purecosmetics-2.jpg);\"  tabindex=\"0\">\n                <div class=\"overlay\">\n                                        <div class=\"overlay-inner \">\n                                            <\/div>\n                <\/div>\n            <\/div>\n                <\/div>\n        <style typr=\"text\/css\">\n                    #eael-img-accordion-6fd315f .eael-image-accordion-hover:hover {\n                        flex: 3 1 0% !important;\n                    }\n                    #eael-img-accordion-6fd315f .eael-image-accordion-hover:hover:hover .overlay-inner * {\n                        opacity: 1;\n                        visibility: visible;\n                        transform: none;\n                        transition: all .3s .3s;\n                    }\n                <\/style>\t\t\t\t<\/div>\n\t\t\t\t<\/div>\n\t\t\t\t\t<\/div>\n\t\t<\/div>\n\t\t\t\t\t<\/div>\n\t\t<\/section>\n\t\t\t\t<\/div>\n\t\t","protected":false},"excerpt":{"rendered":"<p>Cos&#8217;\u00e8 un peptide rassodante La Firming Peptide Mask di Circadia \u00e8 una maschera anti-et\u00e0 che stimola la crescita cellulare e rassoda la pelle subito dopo il trattamento. Rinnova e rivitalizza la pelle grazie a efficaci peptidi anti-et\u00e0, potenti antiossidanti, cellule staminali e principi attivi di origine vegetale. Per una circolazione sanguigna ancora migliore, la confezione [&hellip;]<\/p>\n","protected":false},"author":1,"featured_media":0,"parent":932,"menu_order":0,"comment_status":"closed","ping_status":"closed","template":"","meta":{"inline_featured_image":false,"footnotes":""},"class_list":["post-1703","page","type-page","status-publish","hentry"],"_links":{"self":[{"href":"https:\/\/www.purecosmeticsthun.ch\/it\/wp-json\/wp\/v2\/pages\/1703","targetHints":{"allow":["GET"]}}],"collection":[{"href":"https:\/\/www.purecosmeticsthun.ch\/it\/wp-json\/wp\/v2\/pages"}],"about":[{"href":"https:\/\/www.purecosmeticsthun.ch\/it\/wp-json\/wp\/v2\/types\/page"}],"author":[{"embeddable":true,"href":"https:\/\/www.purecosmeticsthun.ch\/it\/wp-json\/wp\/v2\/users\/1"}],"replies":[{"embeddable":true,"href":"https:\/\/www.purecosmeticsthun.ch\/it\/wp-json\/wp\/v2\/comments?post=1703"}],"version-history":[{"count":4,"href":"https:\/\/www.purecosmeticsthun.ch\/it\/wp-json\/wp\/v2\/pages\/1703\/revisions"}],"predecessor-version":[{"id":1834,"href":"https:\/\/www.purecosmeticsthun.ch\/it\/wp-json\/wp\/v2\/pages\/1703\/revisions\/1834"}],"up":[{"embeddable":true,"href":"https:\/\/www.purecosmeticsthun.ch\/it\/wp-json\/wp\/v2\/pages\/932"}],"wp:attachment":[{"href":"https:\/\/www.purecosmeticsthun.ch\/it\/wp-json\/wp\/v2\/media?parent=1703"}],"curies":[{"name":"wp","href":"https:\/\/api.w.org\/{rel}","templated":true}]}}