{"id":1720,"date":"2024-06-24T12:38:50","date_gmt":"2024-06-24T10:38:50","guid":{"rendered":"https:\/\/www.purecosmeticsthun.ch\/offre\/systeme-facial-oxygen-rx\/"},"modified":"2024-06-24T13:54:28","modified_gmt":"2024-06-24T11:54:28","slug":"systeme-facial-oxygen-rx","status":"publish","type":"page","link":"https:\/\/www.purecosmeticsthun.ch\/fr\/offre\/systeme-facial-oxygen-rx\/","title":{"rendered":"Syst\u00e8me facial Oxygen RX"},"content":{"rendered":"\t\t<div data-elementor-type=\"wp-page\" data-elementor-id=\"1720\" class=\"elementor elementor-1720 elementor-1713\" data-elementor-post-type=\"page\">\n\t\t\t\t\t\t<section class=\"elementor-section elementor-top-section elementor-element elementor-element-019671f elementor-section-boxed elementor-section-height-default elementor-section-height-default\" data-id=\"019671f\" data-element_type=\"section\" data-e-type=\"section\" data-settings=\"{&quot;background_background&quot;:&quot;classic&quot;}\">\n\t\t\t\t\t\t\t<div class=\"elementor-background-overlay\"><\/div>\n\t\t\t\t\t\t\t<div class=\"elementor-container elementor-column-gap-default\">\n\t\t\t\t\t<div class=\"elementor-column elementor-col-100 elementor-top-column elementor-element elementor-element-141ca83\" data-id=\"141ca83\" data-element_type=\"column\" data-e-type=\"column\">\n\t\t\t<div class=\"elementor-widget-wrap elementor-element-populated\">\n\t\t\t\t\t\t<div class=\"elementor-element elementor-element-09697c3 elementor-widget elementor-widget-heading\" data-id=\"09697c3\" data-element_type=\"widget\" data-e-type=\"widget\" data-widget_type=\"heading.default\">\n\t\t\t\t<div class=\"elementor-widget-container\">\n\t\t\t\t\t<h1 class=\"elementor-heading-title elementor-size-default\">Syst\u00e8me facial Oxygen RX<\/h1>\t\t\t\t<\/div>\n\t\t\t\t<\/div>\n\t\t\t\t\t<\/div>\n\t\t<\/div>\n\t\t\t\t\t<\/div>\n\t\t<\/section>\n\t\t<div class=\"elementor-element elementor-element-6322fc7 e-flex e-con-boxed e-con e-parent\" data-id=\"6322fc7\" data-element_type=\"container\" data-e-type=\"container\">\n\t\t\t\t\t<div class=\"e-con-inner\">\n\t\t<div class=\"elementor-element elementor-element-8496876 e-con-full e-flex e-con e-child\" data-id=\"8496876\" data-element_type=\"container\" data-e-type=\"container\">\n\t\t\t\t<div class=\"elementor-element elementor-element-c2dbee4 elementor-widget elementor-widget-heading\" data-id=\"c2dbee4\" data-element_type=\"widget\" data-e-type=\"widget\" data-widget_type=\"heading.default\">\n\t\t\t\t<div class=\"elementor-widget-container\">\n\t\t\t\t\t<h5 class=\"elementor-heading-title elementor-size-default\">Qu'est-ce que le syst\u00e8me facial Oxygen RX ?<\/h5>\t\t\t\t<\/div>\n\t\t\t\t<\/div>\n\t\t\t\t<div class=\"elementor-element elementor-element-9ef891b elementor-widget elementor-widget-text-editor\" data-id=\"9ef891b\" data-element_type=\"widget\" data-e-type=\"widget\" data-widget_type=\"text-editor.default\">\n\t\t\t\t<div class=\"elementor-widget-container\">\n\t\t\t\t\t\t\t\t\t<p>Le syst\u00e8me Oxygen RX Facial est un traitement qui g\u00e9n\u00e8re de l&rsquo;oxyg\u00e8ne sur la peau de mani\u00e8re contr\u00f4l\u00e9e. Pour que les probl\u00e8mes de peau tels que l&rsquo;acn\u00e9, la rosac\u00e9e ainsi que les t\u00e9langiectasies puissent \u00eatre \u00e9limin\u00e9s. Et peuvent \u00eatre remplac\u00e9s par un teint \u00e9clatant. Ce traitement est extr\u00eamement nourrissant et b\u00e9n\u00e9fique pour tous les types de peau.  <br \/>Avantages :<\/p>\n<p>&#8211; L&rsquo;effet germicide est excellent pour tuer les  <br \/>Bact\u00e9ries de l&rsquo;acn\u00e9<br \/>&#8211; Aide \u00e0 lutter contre l&rsquo;hyperpigmentation<br \/>&#8211; Augmente le transport des nutriments de la peau<\/p>\n<p>Contre-indications :  <br \/>&#8211; Allergie \u00e0 l&rsquo;acide citrique (par ex. orange, citron, pamplemousse)<\/p>\n\t\t\t\t\t\t\t\t<\/div>\n\t\t\t\t<\/div>\n\t\t\t\t<div class=\"elementor-element elementor-element-8635cdb elementor-hidden-desktop elementor-hidden-tablet_extra elementor-hidden-tablet elementor-hidden-mobile_extra elementor-hidden-mobile elementor-widget elementor-widget-heading\" data-id=\"8635cdb\" data-element_type=\"widget\" data-e-type=\"widget\" data-widget_type=\"heading.default\">\n\t\t\t\t<div class=\"elementor-widget-container\">\n\t\t\t\t\t<h5 class=\"elementor-heading-title elementor-size-default\">Tarifs<\/h5>\t\t\t\t<\/div>\n\t\t\t\t<\/div>\n\t\t<div class=\"elementor-element elementor-element-5484be9 e-con-full elementor-hidden-desktop elementor-hidden-tablet_extra elementor-hidden-tablet elementor-hidden-mobile_extra elementor-hidden-mobile e-flex e-con e-child\" data-id=\"5484be9\" data-element_type=\"container\" data-e-type=\"container\">\n\t\t\t\t<div class=\"elementor-element elementor-element-7851e75 elementor-widget__width-inherit elementor-widget elementor-widget-text-editor\" data-id=\"7851e75\" data-element_type=\"widget\" data-e-type=\"widget\" data-widget_type=\"text-editor.default\">\n\t\t\t\t<div class=\"elementor-widget-container\">\n\t\t\t\t\t\t\t\t\t<p>Dur\u00e9e du traitement : 30min<\/p>\n\t\t\t\t\t\t\t\t<\/div>\n\t\t\t\t<\/div>\n\t\t\t\t<div class=\"elementor-element elementor-element-4e584ec elementor-widget__width-inherit elementor-widget elementor-widget-heading\" data-id=\"4e584ec\" data-element_type=\"widget\" data-e-type=\"widget\" data-widget_type=\"heading.default\">\n\t\t\t\t<div class=\"elementor-widget-container\">\n\t\t\t\t\t<h4 class=\"elementor-heading-title elementor-size-default\">Fr. 70.--<\/h4>\t\t\t\t<\/div>\n\t\t\t\t<\/div>\n\t\t\t\t<\/div>\n\t\t<div class=\"elementor-element elementor-element-4f1326f e-con-full elementor-hidden-desktop elementor-hidden-tablet_extra elementor-hidden-tablet elementor-hidden-mobile_extra elementor-hidden-mobile e-flex e-con e-child\" data-id=\"4f1326f\" data-element_type=\"container\" data-e-type=\"container\">\n\t\t\t\t<div class=\"elementor-element elementor-element-819eb90 elementor-widget__width-inherit elementor-widget elementor-widget-text-editor\" data-id=\"819eb90\" data-element_type=\"widget\" data-e-type=\"widget\" data-widget_type=\"text-editor.default\">\n\t\t\t\t<div class=\"elementor-widget-container\">\n\t\t\t\t\t\t\t\t\t<p>Dur\u00e9e du traitement : 60min<\/p>\n\t\t\t\t\t\t\t\t<\/div>\n\t\t\t\t<\/div>\n\t\t\t\t<div class=\"elementor-element elementor-element-4e12cf0 elementor-widget__width-inherit elementor-widget elementor-widget-heading\" data-id=\"4e12cf0\" data-element_type=\"widget\" data-e-type=\"widget\" data-widget_type=\"heading.default\">\n\t\t\t\t<div class=\"elementor-widget-container\">\n\t\t\t\t\t<h4 class=\"elementor-heading-title elementor-size-default\">Fr. 100.--<\/h4>\t\t\t\t<\/div>\n\t\t\t\t<\/div>\n\t\t\t\t<\/div>\n\t\t<div class=\"elementor-element elementor-element-7c461b6 e-con-full e-flex e-con e-child\" data-id=\"7c461b6\" data-element_type=\"container\" data-e-type=\"container\">\n\t\t\t\t<div class=\"elementor-element elementor-element-c532e7e elementor-align-center elementor-widget elementor-widget-button\" data-id=\"c532e7e\" data-element_type=\"widget\" data-e-type=\"widget\" data-widget_type=\"button.default\">\n\t\t\t\t<div class=\"elementor-widget-container\">\n\t\t\t\t\t\t\t\t\t<div class=\"elementor-button-wrapper\">\n\t\t\t\t\t<a class=\"elementor-button elementor-button-link elementor-size-sm\" href=\"https:\/\/salonkee.ch\/salon\/pure-cosmetics\" target=\"_blank\">\n\t\t\t\t\t\t<span class=\"elementor-button-content-wrapper\">\n\t\t\t\t\t\t\t\t\t<span class=\"elementor-button-text\">R\u00e9server maintenant<\/span>\n\t\t\t\t\t<\/span>\n\t\t\t\t\t<\/a>\n\t\t\t\t<\/div>\n\t\t\t\t\t\t\t\t<\/div>\n\t\t\t\t<\/div>\n\t\t\t\t<div class=\"elementor-element elementor-element-89eb5c6 elementor-align-center elementor-widget elementor-widget-button\" data-id=\"89eb5c6\" data-element_type=\"widget\" data-e-type=\"widget\" data-widget_type=\"button.default\">\n\t\t\t\t<div class=\"elementor-widget-container\">\n\t\t\t\t\t\t\t\t\t<div class=\"elementor-button-wrapper\">\n\t\t\t\t\t<a class=\"elementor-button elementor-button-link elementor-size-sm\" href=\"https:\/\/www.purecosmeticsthun.ch\/fr\/offre\/\" target=\"_blank\">\n\t\t\t\t\t\t<span class=\"elementor-button-content-wrapper\">\n\t\t\t\t\t\t\t\t\t<span class=\"elementor-button-text\">Aper\u00e7u de l'offre<\/span>\n\t\t\t\t\t<\/span>\n\t\t\t\t\t<\/a>\n\t\t\t\t<\/div>\n\t\t\t\t\t\t\t\t<\/div>\n\t\t\t\t<\/div>\n\t\t\t\t<\/div>\n\t\t\t\t<\/div>\n\t\t<div class=\"elementor-element elementor-element-2dafd0c e-con-full e-flex e-con e-child\" data-id=\"2dafd0c\" data-element_type=\"container\" data-e-type=\"container\">\n\t\t\t\t<div class=\"elementor-element elementor-element-0793b74 elementor-widget elementor-widget-image\" data-id=\"0793b74\" data-element_type=\"widget\" data-e-type=\"widget\" data-widget_type=\"image.default\">\n\t\t\t\t<div class=\"elementor-widget-container\">\n\t\t\t\t\t\t\t\t\t\t\t\t\t\t\t<img fetchpriority=\"high\" decoding=\"async\" width=\"800\" height=\"800\" src=\"https:\/\/www.purecosmeticsthun.ch\/wp-content\/uploads\/sites\/7\/2024\/06\/klassische-gesichtsbehandlungen-square.jpg\" class=\"attachment-large size-large wp-image-1788\" alt=\"\" srcset=\"https:\/\/www.purecosmeticsthun.ch\/wp-content\/uploads\/sites\/7\/2024\/06\/klassische-gesichtsbehandlungen-square.jpg 800w, https:\/\/www.purecosmeticsthun.ch\/wp-content\/uploads\/sites\/7\/2024\/06\/klassische-gesichtsbehandlungen-square-300x300.jpg 300w, https:\/\/www.purecosmeticsthun.ch\/wp-content\/uploads\/sites\/7\/2024\/06\/klassische-gesichtsbehandlungen-square-150x150.jpg 150w, https:\/\/www.purecosmeticsthun.ch\/wp-content\/uploads\/sites\/7\/2024\/06\/klassische-gesichtsbehandlungen-square-768x768.jpg 768w\" sizes=\"(max-width: 800px) 100vw, 800px\" \/>\t\t\t\t\t\t\t\t\t\t\t\t\t\t\t<\/div>\n\t\t\t\t<\/div>\n\t\t\t\t<\/div>\n\t\t\t\t\t<\/div>\n\t\t\t\t<\/div>\n\t\t\t\t<section class=\"elementor-section elementor-top-section elementor-element elementor-element-01bd404 elementor-section-boxed elementor-section-height-default elementor-section-height-default\" data-id=\"01bd404\" data-element_type=\"section\" data-e-type=\"section\" data-settings=\"{&quot;background_background&quot;:&quot;classic&quot;}\">\n\t\t\t\t\t\t\t<div class=\"elementor-background-overlay\"><\/div>\n\t\t\t\t\t\t\t<div class=\"elementor-container elementor-column-gap-default\">\n\t\t\t\t\t<div class=\"elementor-column elementor-col-100 elementor-top-column elementor-element elementor-element-464d3ac\" data-id=\"464d3ac\" data-element_type=\"column\" data-e-type=\"column\" data-settings=\"{&quot;background_background&quot;:&quot;classic&quot;}\">\n\t\t\t<div class=\"elementor-widget-wrap elementor-element-populated\">\n\t\t\t\t\t\t<div class=\"elementor-element elementor-element-52632a2 elementor-widget elementor-widget-heading\" data-id=\"52632a2\" data-element_type=\"widget\" data-e-type=\"widget\" data-widget_type=\"heading.default\">\n\t\t\t\t<div class=\"elementor-widget-container\">\n\t\t\t\t\t<h2 class=\"elementor-heading-title elementor-size-default\">Ce que disent nos clients<\/h2>\t\t\t\t<\/div>\n\t\t\t\t<\/div>\n\t\t\t\t<section class=\"elementor-section elementor-inner-section elementor-element elementor-element-ab57597 elementor-section-boxed elementor-section-height-default elementor-section-height-default\" data-id=\"ab57597\" data-element_type=\"section\" data-e-type=\"section\">\n\t\t\t\t\t\t<div class=\"elementor-container elementor-column-gap-default\">\n\t\t\t\t\t<div class=\"elementor-column elementor-col-50 elementor-inner-column elementor-element elementor-element-574f6d5\" data-id=\"574f6d5\" data-element_type=\"column\" data-e-type=\"column\">\n\t\t\t<div class=\"elementor-widget-wrap elementor-element-populated\">\n\t\t\t\t\t\t<div class=\"elementor-element elementor-element-ddcb484 elementor-widget__width-initial elementor-absolute elementor-widget-tablet__width-initial elementor-widget-mobile__width-initial elementor-widget elementor-widget-image\" data-id=\"ddcb484\" data-element_type=\"widget\" data-e-type=\"widget\" data-settings=\"{&quot;_position&quot;:&quot;absolute&quot;}\" data-widget_type=\"image.default\">\n\t\t\t\t<div class=\"elementor-widget-container\">\n\t\t\t\t\t\t\t\t\t\t\t\t\t\t\t<img decoding=\"async\" width=\"700\" height=\"568\" src=\"https:\/\/www.purecosmeticsthun.ch\/wp-content\/uploads\/sites\/7\/2023\/11\/petik.png\" class=\"attachment-large size-large wp-image-46\" alt=\"\" srcset=\"https:\/\/www.purecosmeticsthun.ch\/wp-content\/uploads\/sites\/7\/2023\/11\/petik.png 700w, https:\/\/www.purecosmeticsthun.ch\/wp-content\/uploads\/sites\/7\/2023\/11\/petik-300x243.png 300w\" sizes=\"(max-width: 700px) 100vw, 700px\" \/>\t\t\t\t\t\t\t\t\t\t\t\t\t\t\t<\/div>\n\t\t\t\t<\/div>\n\t\t\t\t<div class=\"elementor-element elementor-element-1921f32 elementor-widget__width-initial elementor-absolute elementor-widget-tablet__width-initial elementor-widget-mobile__width-initial elementor-widget elementor-widget-image\" data-id=\"1921f32\" data-element_type=\"widget\" data-e-type=\"widget\" data-settings=\"{&quot;_position&quot;:&quot;absolute&quot;}\" data-widget_type=\"image.default\">\n\t\t\t\t<div class=\"elementor-widget-container\">\n\t\t\t\t\t\t\t\t\t\t\t\t\t\t\t<img decoding=\"async\" width=\"700\" height=\"568\" src=\"https:\/\/www.purecosmeticsthun.ch\/wp-content\/uploads\/sites\/7\/2023\/11\/petik.png\" class=\"attachment-large size-large wp-image-46\" alt=\"\" srcset=\"https:\/\/www.purecosmeticsthun.ch\/wp-content\/uploads\/sites\/7\/2023\/11\/petik.png 700w, https:\/\/www.purecosmeticsthun.ch\/wp-content\/uploads\/sites\/7\/2023\/11\/petik-300x243.png 300w\" sizes=\"(max-width: 700px) 100vw, 700px\" \/>\t\t\t\t\t\t\t\t\t\t\t\t\t\t\t<\/div>\n\t\t\t\t<\/div>\n\t\t\t\t<div class=\"elementor-element elementor-element-1ec6f3b elementor-widget elementor-widget-testimonial\" data-id=\"1ec6f3b\" data-element_type=\"widget\" data-e-type=\"widget\" data-widget_type=\"testimonial.default\">\n\t\t\t\t<div class=\"elementor-widget-container\">\n\t\t\t\t\t\t\t<div class=\"elementor-testimonial-wrapper\">\n\t\t\t\t\t\t\t<div class=\"elementor-testimonial-content\"><p>J'ai opt\u00e9 pour un browlifting chez Pure. Cosmetics et je suis absolument ravie du r\u00e9sultat. Mes sourcils ont l'air beaucoup plus fournis et d\u00e9finis, ce qui donne imm\u00e9diatement \u00e0 mon visage une expression fra\u00eeche et jeune. L'\u00e9quipe a \u00e9t\u00e9 incroyablement professionnelle et m'a donn\u00e9 des conseils d\u00e9taill\u00e9s, ce qui m'a permis de me sentir entre de bonnes mains d\u00e8s le d\u00e9but. Le traitement \u00e9tait d\u00e9tendu et agr\u00e9able, et le r\u00e9sultat a d\u00e9pass\u00e9 mes attentes. Je peux Pure. Cosmetics \u00e0 toute personne \u00e0 la recherche d'un traitement des sourcils de qualit\u00e9.<\/p>\n<\/div>\n\t\t\t\n\t\t\t\t\t\t<div class=\"elementor-testimonial-meta\">\n\t\t\t\t<div class=\"elementor-testimonial-meta-inner\">\n\t\t\t\t\t\n\t\t\t\t\t\t\t\t\t\t<div class=\"elementor-testimonial-details\">\n\t\t\t\t\t\t\t\t\t\t\t\t\t\t<div class=\"elementor-testimonial-name\">Eva<\/div>\n\t\t\t\t\t\t\t\t\t\t\t\t\t\t\t\t\t\t\t<\/div>\n\t\t\t\t\t\t\t\t\t<\/div>\n\t\t\t<\/div>\n\t\t\t\t\t<\/div>\n\t\t\t\t\t\t<\/div>\n\t\t\t\t<\/div>\n\t\t\t\t\t<\/div>\n\t\t<\/div>\n\t\t\t\t<div class=\"elementor-column elementor-col-50 elementor-inner-column elementor-element elementor-element-9c38fd3\" data-id=\"9c38fd3\" data-element_type=\"column\" data-e-type=\"column\">\n\t\t\t<div class=\"elementor-widget-wrap elementor-element-populated\">\n\t\t\t\t\t\t<div class=\"elementor-element elementor-element-bc2b727 elementor-widget elementor-widget-testimonial\" data-id=\"bc2b727\" data-element_type=\"widget\" data-e-type=\"widget\" data-widget_type=\"testimonial.default\">\n\t\t\t\t<div class=\"elementor-widget-container\">\n\t\t\t\t\t\t\t<div class=\"elementor-testimonial-wrapper\">\n\t\t\t\t\t\t\t<div class=\"elementor-testimonial-content\"><p>Le browlifting chez Pure. Cosmetics a \u00e9t\u00e9 l'une des meilleures d\u00e9cisions que j'ai prises pour mon apparence. Mes sourcils ont non seulement un aspect plus naturel, mais ils sont \u00e9galement beaucoup plus soign\u00e9s et plus esth\u00e9tiques. L'\u00e9quipe a vraiment le sens du d\u00e9tail et a cr\u00e9\u00e9 exactement la forme et la courbe que j'ai toujours souhait\u00e9es. De plus, l'atmosph\u00e8re du studio \u00e9tait tr\u00e8s agr\u00e9able et relaxante, ce qui a rendu l'exp\u00e9rience globale encore meilleure. Je suis plus que satisfait du r\u00e9sultat et je reviendrai d\u00e9finitivement.<\/p>\n<\/div>\n\t\t\t\n\t\t\t\t\t\t<div class=\"elementor-testimonial-meta\">\n\t\t\t\t<div class=\"elementor-testimonial-meta-inner\">\n\t\t\t\t\t\n\t\t\t\t\t\t\t\t\t\t<div class=\"elementor-testimonial-details\">\n\t\t\t\t\t\t\t\t\t\t\t\t\t\t<div class=\"elementor-testimonial-name\">Martina<\/div>\n\t\t\t\t\t\t\t\t\t\t\t\t\t\t\t\t\t\t\t<\/div>\n\t\t\t\t\t\t\t\t\t<\/div>\n\t\t\t<\/div>\n\t\t\t\t\t<\/div>\n\t\t\t\t\t\t<\/div>\n\t\t\t\t<\/div>\n\t\t\t\t\t<\/div>\n\t\t<\/div>\n\t\t\t\t\t<\/div>\n\t\t<\/section>\n\t\t\t\t\t<\/div>\n\t\t<\/div>\n\t\t\t\t\t<\/div>\n\t\t<\/section>\n\t\t\t\t<section class=\"elementor-section elementor-top-section elementor-element elementor-element-30c7c4b elementor-section-boxed elementor-section-height-default elementor-section-height-default\" data-id=\"30c7c4b\" data-element_type=\"section\" data-e-type=\"section\">\n\t\t\t\t\t\t<div class=\"elementor-container elementor-column-gap-default\">\n\t\t\t\t\t<div class=\"elementor-column elementor-col-100 elementor-top-column elementor-element elementor-element-3cfcafb\" data-id=\"3cfcafb\" data-element_type=\"column\" data-e-type=\"column\">\n\t\t\t<div class=\"elementor-widget-wrap elementor-element-populated\">\n\t\t\t\t\t\t<div class=\"elementor-element elementor-element-dff7a7a elementor-widget elementor-widget-eael-image-accordion\" data-id=\"dff7a7a\" data-element_type=\"widget\" data-e-type=\"widget\" data-widget_type=\"eael-image-accordion.default\">\n\t\t\t\t<div class=\"elementor-widget-container\">\n\t\t\t\t\t    <div class=\"eael-img-accordion accordion-direction-horizontal eael-img-accordion-horizontal-align-center eael-img-accordion-vertical-align-center\" id=\"eael-img-accordion-dff7a7a\" data-img-accordion-id=\"dff7a7a\" data-img-accordion-type=\"on-hover\">\n                    \n            <div class=\"eael-image-accordion-hover eael-image-accordion-item\" style=\"background-image: url(https:\/\/www.purecosmeticsthun.ch\/wp-content\/uploads\/sites\/7\/2024\/06\/slider-purecosmetics-3.jpg);\"  tabindex=\"0\">\n                <div class=\"overlay\">\n                                        <div class=\"overlay-inner \">\n                                            <\/div>\n                <\/div>\n            <\/div>\n                    \n            <div class=\"eael-image-accordion-hover eael-image-accordion-item\" style=\"background-image: url(https:\/\/www.purecosmeticsthun.ch\/wp-content\/uploads\/sites\/7\/2024\/06\/slider-purecosmetics-1.jpg);\"  tabindex=\"0\">\n                <div class=\"overlay\">\n                                        <div class=\"overlay-inner \">\n                                            <\/div>\n                <\/div>\n            <\/div>\n                    \n            <div class=\"eael-image-accordion-hover eael-image-accordion-item\" style=\"background-image: url(https:\/\/www.purecosmeticsthun.ch\/wp-content\/uploads\/sites\/7\/2024\/06\/slider-purecosmetics-4.jpg);\"  tabindex=\"0\">\n                <div class=\"overlay\">\n                                        <div class=\"overlay-inner \">\n                                            <\/div>\n                <\/div>\n            <\/div>\n                    \n            <div class=\"eael-image-accordion-hover eael-image-accordion-item\" style=\"background-image: url(https:\/\/www.purecosmeticsthun.ch\/wp-content\/uploads\/sites\/7\/2024\/06\/slider-purecosmetics-2.jpg);\"  tabindex=\"0\">\n                <div class=\"overlay\">\n                                        <div class=\"overlay-inner \">\n                                            <\/div>\n                <\/div>\n            <\/div>\n                <\/div>\n        <style typr=\"text\/css\">\n                    #eael-img-accordion-dff7a7a .eael-image-accordion-hover:hover {\n                        flex: 3 1 0% !important;\n                    }\n                    #eael-img-accordion-dff7a7a .eael-image-accordion-hover:hover:hover .overlay-inner * {\n                        opacity: 1;\n                        visibility: visible;\n                        transform: none;\n                        transition: all .3s .3s;\n                    }\n                <\/style>\t\t\t\t<\/div>\n\t\t\t\t<\/div>\n\t\t\t\t\t<\/div>\n\t\t<\/div>\n\t\t\t\t\t<\/div>\n\t\t<\/section>\n\t\t\t\t<\/div>\n\t\t","protected":false},"excerpt":{"rendered":"<p>Qu&rsquo;est-ce que le syst\u00e8me facial Oxygen RX ? Le syst\u00e8me Oxygen RX Facial est un traitement qui g\u00e9n\u00e8re de l&rsquo;oxyg\u00e8ne sur la peau de mani\u00e8re contr\u00f4l\u00e9e. Pour que les probl\u00e8mes de peau tels que l&rsquo;acn\u00e9, la rosac\u00e9e ainsi que les t\u00e9langiectasies puissent \u00eatre \u00e9limin\u00e9s. Et peuvent \u00eatre remplac\u00e9s par un teint \u00e9clatant. Ce traitement est [&hellip;]<\/p>\n","protected":false},"author":1,"featured_media":0,"parent":916,"menu_order":0,"comment_status":"closed","ping_status":"closed","template":"","meta":{"inline_featured_image":false,"footnotes":""},"class_list":["post-1720","page","type-page","status-publish","hentry"],"_links":{"self":[{"href":"https:\/\/www.purecosmeticsthun.ch\/fr\/wp-json\/wp\/v2\/pages\/1720","targetHints":{"allow":["GET"]}}],"collection":[{"href":"https:\/\/www.purecosmeticsthun.ch\/fr\/wp-json\/wp\/v2\/pages"}],"about":[{"href":"https:\/\/www.purecosmeticsthun.ch\/fr\/wp-json\/wp\/v2\/types\/page"}],"author":[{"embeddable":true,"href":"https:\/\/www.purecosmeticsthun.ch\/fr\/wp-json\/wp\/v2\/users\/1"}],"replies":[{"embeddable":true,"href":"https:\/\/www.purecosmeticsthun.ch\/fr\/wp-json\/wp\/v2\/comments?post=1720"}],"version-history":[{"count":4,"href":"https:\/\/www.purecosmeticsthun.ch\/fr\/wp-json\/wp\/v2\/pages\/1720\/revisions"}],"predecessor-version":[{"id":1811,"href":"https:\/\/www.purecosmeticsthun.ch\/fr\/wp-json\/wp\/v2\/pages\/1720\/revisions\/1811"}],"up":[{"embeddable":true,"href":"https:\/\/www.purecosmeticsthun.ch\/fr\/wp-json\/wp\/v2\/pages\/916"}],"wp:attachment":[{"href":"https:\/\/www.purecosmeticsthun.ch\/fr\/wp-json\/wp\/v2\/media?parent=1720"}],"curies":[{"name":"wp","href":"https:\/\/api.w.org\/{rel}","templated":true}]}}