{"id":1220,"date":"2024-06-21T13:00:50","date_gmt":"2024-06-21T11:00:50","guid":{"rendered":"https:\/\/www.purecosmeticsthun.ch\/offre\/hydrafacial-syndeo\/"},"modified":"2024-06-24T17:07:11","modified_gmt":"2024-06-24T15:07:11","slug":"hydrafacial-syndeo","status":"publish","type":"page","link":"https:\/\/www.purecosmeticsthun.ch\/fr\/offre\/hydrafacial-syndeo\/","title":{"rendered":"Hydrafacial\u00ae SYNDEO"},"content":{"rendered":"\t\t<div data-elementor-type=\"wp-page\" data-elementor-id=\"1220\" class=\"elementor elementor-1220 elementor-1217\" data-elementor-post-type=\"page\">\n\t\t\t\t\t\t<section class=\"elementor-section elementor-top-section elementor-element elementor-element-323377fd elementor-section-boxed elementor-section-height-default elementor-section-height-default\" data-id=\"323377fd\" data-element_type=\"section\" data-e-type=\"section\" data-settings=\"{&quot;background_background&quot;:&quot;classic&quot;}\">\n\t\t\t\t\t\t\t<div class=\"elementor-background-overlay\"><\/div>\n\t\t\t\t\t\t\t<div class=\"elementor-container elementor-column-gap-default\">\n\t\t\t\t\t<div class=\"elementor-column elementor-col-100 elementor-top-column elementor-element elementor-element-72ece1cb\" data-id=\"72ece1cb\" data-element_type=\"column\" data-e-type=\"column\">\n\t\t\t<div class=\"elementor-widget-wrap elementor-element-populated\">\n\t\t\t\t\t\t<div class=\"elementor-element elementor-element-5478b241 elementor-widget elementor-widget-heading\" data-id=\"5478b241\" data-element_type=\"widget\" data-e-type=\"widget\" data-widget_type=\"heading.default\">\n\t\t\t\t<div class=\"elementor-widget-container\">\n\t\t\t\t\t<h1 class=\"elementor-heading-title elementor-size-default\">Hydrafacial\u00ae SYNDEO<\/h1>\t\t\t\t<\/div>\n\t\t\t\t<\/div>\n\t\t\t\t\t<\/div>\n\t\t<\/div>\n\t\t\t\t\t<\/div>\n\t\t<\/section>\n\t\t<div class=\"elementor-element elementor-element-19d8750 e-flex e-con-boxed e-con e-parent\" data-id=\"19d8750\" data-element_type=\"container\" data-e-type=\"container\">\n\t\t\t\t\t<div class=\"e-con-inner\">\n\t\t<div class=\"elementor-element elementor-element-809c116 e-con-full e-flex e-con e-child\" data-id=\"809c116\" data-element_type=\"container\" data-e-type=\"container\">\n\t\t\t\t<div class=\"elementor-element elementor-element-5053959 elementor-widget elementor-widget-heading\" data-id=\"5053959\" data-element_type=\"widget\" data-e-type=\"widget\" data-widget_type=\"heading.default\">\n\t\t\t\t<div class=\"elementor-widget-container\">\n\t\t\t\t\t<h5 class=\"elementor-heading-title elementor-size-default\">Qu'est-ce que l'Hydrafacial\u00ae SYNDEO ?<\/h5>\t\t\t\t<\/div>\n\t\t\t\t<\/div>\n\t\t\t\t<div class=\"elementor-element elementor-element-001269a elementor-widget elementor-widget-text-editor\" data-id=\"001269a\" data-element_type=\"widget\" data-e-type=\"widget\" data-widget_type=\"text-editor.default\">\n\t\t\t\t<div class=\"elementor-widget-container\">\n\t\t\t\t\t\t\t\t\t<p>L&rsquo;original am\u00e9ricain<\/p>\n<p>D\u00e9couvrez la beaut\u00e9 de la peau avec le traitement hydrafacial.<br \/>Plongez dans un monde d&rsquo;\u00e9clat et de puret\u00e9 rafra\u00eechissante avec notre traitement hydrafacial exclusif. Ce traitement facial innovant et hautement efficace combine nettoyage-exfoliation, extraction et hydratation pour choyer et revitaliser votre peau.<br \/>Le traitement convient \u00e0 tous les types de peau et peut \u00eatre sp\u00e9cialement adapt\u00e9 \u00e0 vos besoins individuels et \u00e0 vos probl\u00e8mes de peau. Que vous souffriez d&rsquo;acn\u00e9, d&rsquo;hyperpigmentation, de ridules ou de peau s\u00e8che, le traitement hydrafacial offre une solution sur mesure pour am\u00e9liorer l&rsquo;aspect de votre peau.<\/p>\n\t\t\t\t\t\t\t\t<\/div>\n\t\t\t\t<\/div>\n\t\t\t\t<div class=\"elementor-element elementor-element-83d9e5a elementor-hidden-desktop elementor-hidden-tablet_extra elementor-hidden-tablet elementor-hidden-mobile_extra elementor-hidden-mobile elementor-widget elementor-widget-heading\" data-id=\"83d9e5a\" data-element_type=\"widget\" data-e-type=\"widget\" data-widget_type=\"heading.default\">\n\t\t\t\t<div class=\"elementor-widget-container\">\n\t\t\t\t\t<h5 class=\"elementor-heading-title elementor-size-default\">Tarifs<\/h5>\t\t\t\t<\/div>\n\t\t\t\t<\/div>\n\t\t<div class=\"elementor-element elementor-element-d3f16a0 e-con-full elementor-hidden-desktop elementor-hidden-tablet_extra elementor-hidden-tablet elementor-hidden-mobile_extra elementor-hidden-mobile e-flex e-con e-child\" data-id=\"d3f16a0\" data-element_type=\"container\" data-e-type=\"container\">\n\t\t\t\t<div class=\"elementor-element elementor-element-b407af3 elementor-widget__width-inherit elementor-widget elementor-widget-text-editor\" data-id=\"b407af3\" data-element_type=\"widget\" data-e-type=\"widget\" data-widget_type=\"text-editor.default\">\n\t\t\t\t<div class=\"elementor-widget-container\">\n\t\t\t\t\t\t\t\t\t<p>Dur\u00e9e du traitement : 30min<\/p>\n\t\t\t\t\t\t\t\t<\/div>\n\t\t\t\t<\/div>\n\t\t\t\t<div class=\"elementor-element elementor-element-40433e4 elementor-widget__width-inherit elementor-widget elementor-widget-heading\" data-id=\"40433e4\" data-element_type=\"widget\" data-e-type=\"widget\" data-widget_type=\"heading.default\">\n\t\t\t\t<div class=\"elementor-widget-container\">\n\t\t\t\t\t<h4 class=\"elementor-heading-title elementor-size-default\">Fr. 180.--<\/h4>\t\t\t\t<\/div>\n\t\t\t\t<\/div>\n\t\t\t\t<\/div>\n\t\t<div class=\"elementor-element elementor-element-8c85fc0 e-con-full elementor-hidden-desktop elementor-hidden-tablet_extra elementor-hidden-tablet elementor-hidden-mobile_extra elementor-hidden-mobile e-flex e-con e-child\" data-id=\"8c85fc0\" data-element_type=\"container\" data-e-type=\"container\">\n\t\t\t\t<div class=\"elementor-element elementor-element-0b23cfe elementor-widget__width-inherit elementor-widget elementor-widget-text-editor\" data-id=\"0b23cfe\" data-element_type=\"widget\" data-e-type=\"widget\" data-widget_type=\"text-editor.default\">\n\t\t\t\t<div class=\"elementor-widget-container\">\n\t\t\t\t\t\t\t\t\t<p>Dur\u00e9e du traitement : 60min<\/p>\n\t\t\t\t\t\t\t\t<\/div>\n\t\t\t\t<\/div>\n\t\t\t\t<div class=\"elementor-element elementor-element-44b27b8 elementor-widget__width-inherit elementor-widget elementor-widget-heading\" data-id=\"44b27b8\" data-element_type=\"widget\" data-e-type=\"widget\" data-widget_type=\"heading.default\">\n\t\t\t\t<div class=\"elementor-widget-container\">\n\t\t\t\t\t<h4 class=\"elementor-heading-title elementor-size-default\">Fr. 200.--<\/h4>\t\t\t\t<\/div>\n\t\t\t\t<\/div>\n\t\t\t\t<\/div>\n\t\t<div class=\"elementor-element elementor-element-8b6fc5c e-con-full e-flex e-con e-child\" data-id=\"8b6fc5c\" data-element_type=\"container\" data-e-type=\"container\">\n\t\t\t\t<div class=\"elementor-element elementor-element-f234999 elementor-align-center elementor-widget elementor-widget-button\" data-id=\"f234999\" data-element_type=\"widget\" data-e-type=\"widget\" data-widget_type=\"button.default\">\n\t\t\t\t<div class=\"elementor-widget-container\">\n\t\t\t\t\t\t\t\t\t<div class=\"elementor-button-wrapper\">\n\t\t\t\t\t<a class=\"elementor-button elementor-button-link elementor-size-sm\" href=\"https:\/\/salonkee.ch\/salon\/pure-cosmetics\" target=\"_blank\">\n\t\t\t\t\t\t<span class=\"elementor-button-content-wrapper\">\n\t\t\t\t\t\t\t\t\t<span class=\"elementor-button-text\">R\u00e9server maintenant<\/span>\n\t\t\t\t\t<\/span>\n\t\t\t\t\t<\/a>\n\t\t\t\t<\/div>\n\t\t\t\t\t\t\t\t<\/div>\n\t\t\t\t<\/div>\n\t\t\t\t<div class=\"elementor-element elementor-element-1ba7bec elementor-align-center elementor-widget elementor-widget-button\" data-id=\"1ba7bec\" data-element_type=\"widget\" data-e-type=\"widget\" data-widget_type=\"button.default\">\n\t\t\t\t<div class=\"elementor-widget-container\">\n\t\t\t\t\t\t\t\t\t<div class=\"elementor-button-wrapper\">\n\t\t\t\t\t<a class=\"elementor-button elementor-button-link elementor-size-sm\" href=\"https:\/\/www.purecosmeticsthun.ch\/fr\/offre\/\" target=\"_blank\">\n\t\t\t\t\t\t<span class=\"elementor-button-content-wrapper\">\n\t\t\t\t\t\t\t\t\t<span class=\"elementor-button-text\">Aper\u00e7u de l'offre<\/span>\n\t\t\t\t\t<\/span>\n\t\t\t\t\t<\/a>\n\t\t\t\t<\/div>\n\t\t\t\t\t\t\t\t<\/div>\n\t\t\t\t<\/div>\n\t\t\t\t<\/div>\n\t\t\t\t<\/div>\n\t\t<div class=\"elementor-element elementor-element-3ad417a e-con-full e-flex e-con e-child\" data-id=\"3ad417a\" data-element_type=\"container\" data-e-type=\"container\">\n\t\t\t\t<div class=\"elementor-element elementor-element-2cb9541 elementor-widget elementor-widget-image\" data-id=\"2cb9541\" data-element_type=\"widget\" data-e-type=\"widget\" data-widget_type=\"image.default\">\n\t\t\t\t<div class=\"elementor-widget-container\">\n\t\t\t\t\t\t\t\t\t\t\t\t\t\t\t<img fetchpriority=\"high\" decoding=\"async\" width=\"800\" height=\"800\" src=\"https:\/\/www.purecosmeticsthun.ch\/wp-content\/uploads\/sites\/7\/2024\/06\/medizinische-gesichtsbehandlung-square.jpg\" class=\"attachment-large size-large wp-image-1818\" alt=\"\" srcset=\"https:\/\/www.purecosmeticsthun.ch\/wp-content\/uploads\/sites\/7\/2024\/06\/medizinische-gesichtsbehandlung-square.jpg 800w, https:\/\/www.purecosmeticsthun.ch\/wp-content\/uploads\/sites\/7\/2024\/06\/medizinische-gesichtsbehandlung-square-300x300.jpg 300w, https:\/\/www.purecosmeticsthun.ch\/wp-content\/uploads\/sites\/7\/2024\/06\/medizinische-gesichtsbehandlung-square-150x150.jpg 150w, https:\/\/www.purecosmeticsthun.ch\/wp-content\/uploads\/sites\/7\/2024\/06\/medizinische-gesichtsbehandlung-square-768x768.jpg 768w\" sizes=\"(max-width: 800px) 100vw, 800px\" \/>\t\t\t\t\t\t\t\t\t\t\t\t\t\t\t<\/div>\n\t\t\t\t<\/div>\n\t\t\t\t<\/div>\n\t\t\t\t\t<\/div>\n\t\t\t\t<\/div>\n\t\t\t\t<section class=\"elementor-section elementor-top-section elementor-element elementor-element-31a774d5 elementor-section-boxed elementor-section-height-default elementor-section-height-default\" data-id=\"31a774d5\" data-element_type=\"section\" data-e-type=\"section\" data-settings=\"{&quot;background_background&quot;:&quot;classic&quot;}\">\n\t\t\t\t\t\t\t<div class=\"elementor-background-overlay\"><\/div>\n\t\t\t\t\t\t\t<div class=\"elementor-container elementor-column-gap-default\">\n\t\t\t\t\t<div class=\"elementor-column elementor-col-100 elementor-top-column elementor-element elementor-element-298dd68b\" data-id=\"298dd68b\" data-element_type=\"column\" data-e-type=\"column\" data-settings=\"{&quot;background_background&quot;:&quot;classic&quot;}\">\n\t\t\t<div class=\"elementor-widget-wrap elementor-element-populated\">\n\t\t\t\t\t\t<div class=\"elementor-element elementor-element-437e9319 elementor-widget elementor-widget-heading\" data-id=\"437e9319\" data-element_type=\"widget\" data-e-type=\"widget\" data-widget_type=\"heading.default\">\n\t\t\t\t<div class=\"elementor-widget-container\">\n\t\t\t\t\t<h2 class=\"elementor-heading-title elementor-size-default\">Ce que disent nos clients<\/h2>\t\t\t\t<\/div>\n\t\t\t\t<\/div>\n\t\t\t\t<section class=\"elementor-section elementor-inner-section elementor-element elementor-element-295cf923 elementor-section-boxed elementor-section-height-default elementor-section-height-default\" data-id=\"295cf923\" data-element_type=\"section\" data-e-type=\"section\">\n\t\t\t\t\t\t<div class=\"elementor-container elementor-column-gap-default\">\n\t\t\t\t\t<div class=\"elementor-column elementor-col-50 elementor-inner-column elementor-element elementor-element-4a57e8ac\" data-id=\"4a57e8ac\" data-element_type=\"column\" data-e-type=\"column\">\n\t\t\t<div class=\"elementor-widget-wrap elementor-element-populated\">\n\t\t\t\t\t\t<div class=\"elementor-element elementor-element-6dd436cf elementor-widget__width-initial elementor-absolute elementor-widget-tablet__width-initial elementor-widget-mobile__width-initial elementor-widget elementor-widget-image\" data-id=\"6dd436cf\" data-element_type=\"widget\" data-e-type=\"widget\" data-settings=\"{&quot;_position&quot;:&quot;absolute&quot;}\" data-widget_type=\"image.default\">\n\t\t\t\t<div class=\"elementor-widget-container\">\n\t\t\t\t\t\t\t\t\t\t\t\t\t\t\t<img decoding=\"async\" width=\"700\" height=\"568\" src=\"https:\/\/www.purecosmeticsthun.ch\/wp-content\/uploads\/sites\/7\/2023\/11\/petik.png\" class=\"attachment-large size-large wp-image-46\" alt=\"\" srcset=\"https:\/\/www.purecosmeticsthun.ch\/wp-content\/uploads\/sites\/7\/2023\/11\/petik.png 700w, https:\/\/www.purecosmeticsthun.ch\/wp-content\/uploads\/sites\/7\/2023\/11\/petik-300x243.png 300w\" sizes=\"(max-width: 700px) 100vw, 700px\" \/>\t\t\t\t\t\t\t\t\t\t\t\t\t\t\t<\/div>\n\t\t\t\t<\/div>\n\t\t\t\t<div class=\"elementor-element elementor-element-596e355e elementor-widget__width-initial elementor-absolute elementor-widget-tablet__width-initial elementor-widget-mobile__width-initial elementor-widget elementor-widget-image\" data-id=\"596e355e\" data-element_type=\"widget\" data-e-type=\"widget\" data-settings=\"{&quot;_position&quot;:&quot;absolute&quot;}\" data-widget_type=\"image.default\">\n\t\t\t\t<div class=\"elementor-widget-container\">\n\t\t\t\t\t\t\t\t\t\t\t\t\t\t\t<img decoding=\"async\" width=\"700\" height=\"568\" src=\"https:\/\/www.purecosmeticsthun.ch\/wp-content\/uploads\/sites\/7\/2023\/11\/petik.png\" class=\"attachment-large size-large wp-image-46\" alt=\"\" srcset=\"https:\/\/www.purecosmeticsthun.ch\/wp-content\/uploads\/sites\/7\/2023\/11\/petik.png 700w, https:\/\/www.purecosmeticsthun.ch\/wp-content\/uploads\/sites\/7\/2023\/11\/petik-300x243.png 300w\" sizes=\"(max-width: 700px) 100vw, 700px\" \/>\t\t\t\t\t\t\t\t\t\t\t\t\t\t\t<\/div>\n\t\t\t\t<\/div>\n\t\t\t\t<div class=\"elementor-element elementor-element-7258c036 elementor-widget elementor-widget-testimonial\" data-id=\"7258c036\" data-element_type=\"widget\" data-e-type=\"widget\" data-widget_type=\"testimonial.default\">\n\t\t\t\t<div class=\"elementor-widget-container\">\n\t\t\t\t\t\t\t<div class=\"elementor-testimonial-wrapper\">\n\t\t\t\t\t\t\t<div class=\"elementor-testimonial-content\"><p>J'ai opt\u00e9 pour un browlifting chez Pure. Cosmetics et je suis absolument ravie du r\u00e9sultat. Mes sourcils ont l'air beaucoup plus fournis et d\u00e9finis, ce qui donne imm\u00e9diatement \u00e0 mon visage une expression fra\u00eeche et jeune. L'\u00e9quipe a \u00e9t\u00e9 incroyablement professionnelle et m'a donn\u00e9 des conseils d\u00e9taill\u00e9s, ce qui m'a permis de me sentir entre de bonnes mains d\u00e8s le d\u00e9but. Le traitement \u00e9tait d\u00e9tendu et agr\u00e9able, et le r\u00e9sultat a d\u00e9pass\u00e9 mes attentes. Je peux Pure. Cosmetics \u00e0 toute personne \u00e0 la recherche d'un traitement des sourcils de qualit\u00e9.<\/p>\n<\/div>\n\t\t\t\n\t\t\t\t\t\t<div class=\"elementor-testimonial-meta\">\n\t\t\t\t<div class=\"elementor-testimonial-meta-inner\">\n\t\t\t\t\t\n\t\t\t\t\t\t\t\t\t\t<div class=\"elementor-testimonial-details\">\n\t\t\t\t\t\t\t\t\t\t\t\t\t\t<div class=\"elementor-testimonial-name\">Eva<\/div>\n\t\t\t\t\t\t\t\t\t\t\t\t\t\t\t\t\t\t\t<\/div>\n\t\t\t\t\t\t\t\t\t<\/div>\n\t\t\t<\/div>\n\t\t\t\t\t<\/div>\n\t\t\t\t\t\t<\/div>\n\t\t\t\t<\/div>\n\t\t\t\t\t<\/div>\n\t\t<\/div>\n\t\t\t\t<div class=\"elementor-column elementor-col-50 elementor-inner-column elementor-element elementor-element-169eaa1c\" data-id=\"169eaa1c\" data-element_type=\"column\" data-e-type=\"column\">\n\t\t\t<div class=\"elementor-widget-wrap elementor-element-populated\">\n\t\t\t\t\t\t<div class=\"elementor-element elementor-element-323ce228 elementor-widget elementor-widget-testimonial\" data-id=\"323ce228\" data-element_type=\"widget\" data-e-type=\"widget\" data-widget_type=\"testimonial.default\">\n\t\t\t\t<div class=\"elementor-widget-container\">\n\t\t\t\t\t\t\t<div class=\"elementor-testimonial-wrapper\">\n\t\t\t\t\t\t\t<div class=\"elementor-testimonial-content\"><p>Le browlifting chez Pure. Cosmetics a \u00e9t\u00e9 l'une des meilleures d\u00e9cisions que j'ai prises pour mon apparence. Mes sourcils ont non seulement un aspect plus naturel, mais ils sont \u00e9galement beaucoup plus soign\u00e9s et plus esth\u00e9tiques. L'\u00e9quipe a vraiment le sens du d\u00e9tail et a cr\u00e9\u00e9 exactement la forme et la courbe que j'ai toujours souhait\u00e9es. De plus, l'atmosph\u00e8re du studio \u00e9tait tr\u00e8s agr\u00e9able et relaxante, ce qui a rendu l'exp\u00e9rience globale encore meilleure. Je suis plus que satisfait du r\u00e9sultat et je reviendrai d\u00e9finitivement.<\/p>\n<\/div>\n\t\t\t\n\t\t\t\t\t\t<div class=\"elementor-testimonial-meta\">\n\t\t\t\t<div class=\"elementor-testimonial-meta-inner\">\n\t\t\t\t\t\n\t\t\t\t\t\t\t\t\t\t<div class=\"elementor-testimonial-details\">\n\t\t\t\t\t\t\t\t\t\t\t\t\t\t<div class=\"elementor-testimonial-name\">Martina<\/div>\n\t\t\t\t\t\t\t\t\t\t\t\t\t\t\t\t\t\t\t<\/div>\n\t\t\t\t\t\t\t\t\t<\/div>\n\t\t\t<\/div>\n\t\t\t\t\t<\/div>\n\t\t\t\t\t\t<\/div>\n\t\t\t\t<\/div>\n\t\t\t\t\t<\/div>\n\t\t<\/div>\n\t\t\t\t\t<\/div>\n\t\t<\/section>\n\t\t\t\t\t<\/div>\n\t\t<\/div>\n\t\t\t\t\t<\/div>\n\t\t<\/section>\n\t\t\t\t<section class=\"elementor-section elementor-top-section elementor-element elementor-element-7e11f9f4 elementor-section-boxed elementor-section-height-default elementor-section-height-default\" data-id=\"7e11f9f4\" data-element_type=\"section\" data-e-type=\"section\">\n\t\t\t\t\t\t<div class=\"elementor-container elementor-column-gap-default\">\n\t\t\t\t\t<div class=\"elementor-column elementor-col-100 elementor-top-column elementor-element elementor-element-7e31d71b\" data-id=\"7e31d71b\" data-element_type=\"column\" data-e-type=\"column\">\n\t\t\t<div class=\"elementor-widget-wrap elementor-element-populated\">\n\t\t\t\t\t\t<div class=\"elementor-element elementor-element-44d3408b elementor-widget elementor-widget-eael-image-accordion\" data-id=\"44d3408b\" data-element_type=\"widget\" data-e-type=\"widget\" data-widget_type=\"eael-image-accordion.default\">\n\t\t\t\t<div class=\"elementor-widget-container\">\n\t\t\t\t\t    <div class=\"eael-img-accordion accordion-direction-horizontal eael-img-accordion-horizontal-align-center eael-img-accordion-vertical-align-center\" id=\"eael-img-accordion-44d3408b\" data-img-accordion-id=\"44d3408b\" data-img-accordion-type=\"on-hover\">\n                    \n            <div class=\"eael-image-accordion-hover eael-image-accordion-item\" style=\"background-image: url(https:\/\/www.purecosmeticsthun.ch\/wp-content\/uploads\/sites\/7\/2024\/06\/slider-purecosmetics-3.jpg);\"  tabindex=\"0\">\n                <div class=\"overlay\">\n                                        <div class=\"overlay-inner \">\n                                            <\/div>\n                <\/div>\n            <\/div>\n                    \n            <div class=\"eael-image-accordion-hover eael-image-accordion-item\" style=\"background-image: url(https:\/\/www.purecosmeticsthun.ch\/wp-content\/uploads\/sites\/7\/2024\/06\/slider-purecosmetics-1.jpg);\"  tabindex=\"0\">\n                <div class=\"overlay\">\n                                        <div class=\"overlay-inner \">\n                                            <\/div>\n                <\/div>\n            <\/div>\n                    \n            <div class=\"eael-image-accordion-hover eael-image-accordion-item\" style=\"background-image: url(https:\/\/www.purecosmeticsthun.ch\/wp-content\/uploads\/sites\/7\/2024\/06\/slider-purecosmetics-4.jpg);\"  tabindex=\"0\">\n                <div class=\"overlay\">\n                                        <div class=\"overlay-inner \">\n                                            <\/div>\n                <\/div>\n            <\/div>\n                    \n            <div class=\"eael-image-accordion-hover eael-image-accordion-item\" style=\"background-image: url(https:\/\/www.purecosmeticsthun.ch\/wp-content\/uploads\/sites\/7\/2024\/06\/slider-purecosmetics-2.jpg);\"  tabindex=\"0\">\n                <div class=\"overlay\">\n                                        <div class=\"overlay-inner \">\n                                            <\/div>\n                <\/div>\n            <\/div>\n                <\/div>\n        <style typr=\"text\/css\">\n                    #eael-img-accordion-44d3408b .eael-image-accordion-hover:hover {\n                        flex: 3 1 0% !important;\n                    }\n                    #eael-img-accordion-44d3408b .eael-image-accordion-hover:hover:hover .overlay-inner * {\n                        opacity: 1;\n                        visibility: visible;\n                        transform: none;\n                        transition: all .3s .3s;\n                    }\n                <\/style>\t\t\t\t<\/div>\n\t\t\t\t<\/div>\n\t\t\t\t\t<\/div>\n\t\t<\/div>\n\t\t\t\t\t<\/div>\n\t\t<\/section>\n\t\t\t\t<\/div>\n\t\t","protected":false},"excerpt":{"rendered":"<p>Qu&rsquo;est-ce que l&rsquo;Hydrafacial\u00ae SYNDEO ? L&rsquo;original am\u00e9ricain D\u00e9couvrez la beaut\u00e9 de la peau avec le traitement hydrafacial.Plongez dans un monde d&rsquo;\u00e9clat et de puret\u00e9 rafra\u00eechissante avec notre traitement hydrafacial exclusif. Ce traitement facial innovant et hautement efficace combine nettoyage-exfoliation, extraction et hydratation pour choyer et revitaliser votre peau.Le traitement convient \u00e0 tous les types de [&hellip;]<\/p>\n","protected":false},"author":1,"featured_media":0,"parent":916,"menu_order":0,"comment_status":"closed","ping_status":"closed","template":"","meta":{"inline_featured_image":false,"footnotes":""},"class_list":["post-1220","page","type-page","status-publish","hentry"],"_links":{"self":[{"href":"https:\/\/www.purecosmeticsthun.ch\/fr\/wp-json\/wp\/v2\/pages\/1220","targetHints":{"allow":["GET"]}}],"collection":[{"href":"https:\/\/www.purecosmeticsthun.ch\/fr\/wp-json\/wp\/v2\/pages"}],"about":[{"href":"https:\/\/www.purecosmeticsthun.ch\/fr\/wp-json\/wp\/v2\/types\/page"}],"author":[{"embeddable":true,"href":"https:\/\/www.purecosmeticsthun.ch\/fr\/wp-json\/wp\/v2\/users\/1"}],"replies":[{"embeddable":true,"href":"https:\/\/www.purecosmeticsthun.ch\/fr\/wp-json\/wp\/v2\/comments?post=1220"}],"version-history":[{"count":6,"href":"https:\/\/www.purecosmeticsthun.ch\/fr\/wp-json\/wp\/v2\/pages\/1220\/revisions"}],"predecessor-version":[{"id":1826,"href":"https:\/\/www.purecosmeticsthun.ch\/fr\/wp-json\/wp\/v2\/pages\/1220\/revisions\/1826"}],"up":[{"embeddable":true,"href":"https:\/\/www.purecosmeticsthun.ch\/fr\/wp-json\/wp\/v2\/pages\/916"}],"wp:attachment":[{"href":"https:\/\/www.purecosmeticsthun.ch\/fr\/wp-json\/wp\/v2\/media?parent=1220"}],"curies":[{"name":"wp","href":"https:\/\/api.w.org\/{rel}","templated":true}]}}